{"id":988,"date":"2021-09-06T06:10:40","date_gmt":"2021-09-06T10:10:40","guid":{"rendered":"https:\/\/2e636f68ed.nxcli.net\/?page_id=988"},"modified":"2022-10-24T12:23:19","modified_gmt":"2022-10-24T10:23:19","slug":"diagnostic-sae","status":"publish","type":"page","link":"https:\/\/azimut-if.com\/fr\/expertise\/entrepreneuriat\/diagnostic-sae\/","title":{"rendered":"DIAGNOSTIC SAE"},"content":{"rendered":"<div class=\"wpb-content-wrapper\"><p>[vc_row][vc_column]\n\t\t\t<!-- START RESEARCH REVOLUTION SLIDER 6.7.38 --><p class=\"rs-p-wp-fix\"><\/p>\n\t\t\t<rs-module-wrap id=\"rev_slider_7_1_wrapper\" data-source=\"gallery\" style=\"visibility:hidden;background:transparent;padding:0;margin:0px auto;margin-top:0;margin-bottom:0;\">\n\t\t\t\t<rs-module id=\"rev_slider_7_1\" style=\"\" data-version=\"6.7.38\">\n\t\t\t\t\t<rs-slides style=\"overflow: hidden; position: absolute;\">\n\t\t\t\t\t\t<rs-slide style=\"position: absolute;\" data-key=\"rs-29\" data-title=\"Slide\" data-anim=\"adpr:false;\" data-in=\"o:0;\" data-out=\"a:false;\">\n\t\t\t\t\t\t\t<img decoding=\"async\" src=\"\/\/azimut-if.com\/wp-content\/plugins\/revslider\/sr6\/assets\/assets\/dummy.png\" alt=\"\" title=\"DIAGNOSTIC SAE\" class=\"rev-slidebg tp-rs-img rs-lazyload\" data-lazyload=\"\/\/azimut-if.com\/wp-content\/uploads\/2021\/09\/AZ_1121772548.jpg\" data-bg=\"p:center top;\" data-parallax=\"14\" data-no-retina>\n<!---->\t\t\t\t\t<\/rs-slide>\n\t\t\t\t\t<\/rs-slides>\n\t\t\t\t\t<rs-static-layers><!--\n\t\t\t\t\t--><\/rs-static-layers>\n\t\t\t\t<\/rs-module>\n\t\t\t\t<script>\n\t\t\t\t\tsetREVStartSize({c: 'rev_slider_7_1',rl:[1240,1024,778,480],el:[700,768,960,720],gw:[1240,1024,778,480],gh:[700,500,450,400],type:'standard',justify:'',layout:'fullwidth',mh:\"0\"});if (window.RS_MODULES!==undefined && window.RS_MODULES.modules!==undefined && window.RS_MODULES.modules[\"revslider71\"]!==undefined) {window.RS_MODULES.modules[\"revslider71\"].once = false;window.revapi7 = undefined;if (window.RS_MODULES.checkMinimal!==undefined) window.RS_MODULES.checkMinimal()}\n\t\t\t\t<\/script>\n\t\t\t<\/rs-module-wrap>\n\t\t\t<!-- END REVOLUTION SLIDER -->\n[\/vc_column][\/vc_row][vc_row css=\u00a0\u00bb.vc_custom_1633031480330{padding-top: 50px !important;padding-bottom: 10px !important;}\u00a0\u00bb][vc_column][kalium_breadcrumb][\/vc_column][\/vc_row][vc_row css=\u00a0\u00bb.vc_custom_1633031488609{padding-bottom: 20px !important;}\u00a0\u00bb][vc_column width=\u00a0\u00bb1\/4&Prime;][vc_single_image image=\u00a0\u00bb1315&Prime; img_size=\u00a0\u00bbfull\u00a0\u00bb retina_image=\u00a0\u00bbyes\u00a0\u00bb][\/vc_column][vc_column width=\u00a0\u00bb3\/4&Prime;][vc_empty_space height=\u00a0\u00bb40&Prime;][vc_column_text]<\/p>\n<h2>Le secteur de l\u2019incubation est en pleine croissance mais n\u2019a pas encore adopt\u00e9 de standards ni de culture de la performance. Il en r\u00e9sulte des m\u00e9thodes et r\u00e9sultats tr\u00e8s disparates d\u2019une structure \u00e0 une autre.<\/h2>\n<p>[\/vc_column_text][vc_column_text]Sur base de notre expertise en mati\u00e8re de due diligence et d&rsquo;\u00e9valuation, nous avons d\u00e9velopp\u00e9 Diagnostic SOFI-SAE, une m\u00e9thodologie unique de diagnostic de la performance d\u2019incubateurs, acc\u00e9l\u00e9rateurs ou autres projets ou structures d\u2019accompagnement \u00e0 l\u2019entrepreneuriat (SAE), qui permet d\u2019\u00e9laborer un plan complet d&rsquo;assistance technique.<\/p>\n<p>Aujourd\u2019hui, les \u00e9valuations de projets li\u00e9s \u00e0 la promotion de l\u2019entrepreneuriat ou des r\u00e9sultats de SAE se concentrent souvent sur l\u2019impact (nombre d\u2019entreprises et emplois cr\u00e9\u00e9s). Gouvernance, mod\u00e8le \u00e9conomique et performance op\u00e9rationnelle ne sont que partiellement \u00e9valu\u00e9s.<\/p>\n<p>Bas\u00e9 sur 78 points de contr\u00f4le, Diagnostic SOFI-SAE permet aux SAE de disposer d\u2019un \u00e9tat des lieux exhaustif de leur organisation, leurs performances op\u00e9rationnelles, financi\u00e8res et sociales, la qualit\u00e9 de leurs RH et leur aptitude \u00e0 d\u00e9velopper leurs op\u00e9rations. Il permet aux incubateurs de d\u00e9marcher des partenaires et d\u00e9montrer leurs besoins d\u2019accompagnement en AT.<\/p>\n<p>Les bailleurs et partenaires techniques et financiers utilisent Diagnostic SOFI-SAEcomme un outil de s\u00e9lection des incubateurs partenaires, d\u2019identification de leurs besoins d\u2019AT et de suivi de leurs performances. L\u2019outil permet \u00e9galement de formuler des projets d\u2019accompagnement sur base des r\u00e9alit\u00e9s du terrain.[\/vc_column_text][\/vc_column][\/vc_row][vc_row][vc_column width=\u00a0\u00bb1\/4&Prime;][\/vc_column][vc_column width=\u00a0\u00bb3\/4&Prime;][vc_single_image image=\u00a0\u00bb1457&Prime; img_size=\u00a0\u00bbfull\u00a0\u00bb][\/vc_column][\/vc_row][vc_row css=\u00a0\u00bb.vc_custom_1631109004480{padding-bottom: 20px !important;}\u00a0\u00bb][vc_column width=\u00a0\u00bb1\/4&Prime;][\/vc_column][vc_column width=\u00a0\u00bb3\/4&Prime;][vc_separator color=\u00a0\u00bborange\u00a0\u00bb][vc_column_text]<\/p>\n<h4><a href=\"https:\/\/azimut-if.com\/wp-content\/uploads\/2022\/10\/AZ_SOFI-SAE_FR.pdf\" target=\"_blank\" rel=\"noopener\">&gt; Download our brochure<\/a><\/h4>\n<p>[\/vc_column_text][vc_single_image image=\u00a0\u00bb2793&Prime; img_size=\u00a0\u00bblarge\u00a0\u00bb onclick=\u00a0\u00bbcustom_link\u00a0\u00bb link=\u00a0\u00bbhttps:\/\/azimut-if.com\/wp-content\/uploads\/2022\/10\/AZ_SOFI-SAE_FR.pdf\u00a0\u00bb][\/vc_column][\/vc_row]<\/p>\n<\/div>","protected":false},"excerpt":{"rendered":"<p>[vc_row][vc_column][\/vc_column][\/vc_row][vc_row css=\u00a0\u00bb.vc_custom_1633031480330{padding-top: 50px !important;padding-bottom: 10px !important;}\u00a0\u00bb][vc_column][kalium_breadcrumb][\/vc_column][\/vc_row][vc_row css=\u00a0\u00bb.vc_custom_1633031488609{padding-bottom: 20px !important;}\u00a0\u00bb][vc_column width=\u00a0\u00bb1\/4&Prime;][vc_single_image image=\u00a0\u00bb1315&Prime; img_size=\u00a0\u00bbfull\u00a0\u00bb retina_image=\u00a0\u00bbyes\u00a0\u00bb][\/vc_column][vc_column width=\u00a0\u00bb3\/4&Prime;][vc_empty_space height=\u00a0\u00bb40&Prime;][vc_column_text] Le secteur de l\u2019incubation est en pleine croissance mais n\u2019a pas encore adopt\u00e9 de standards ni de culture de la performance. Il en r\u00e9sulte des m\u00e9thodes et r\u00e9sultats tr\u00e8s disparates d\u2019une structure \u00e0 une autre. [\/vc_column_text][vc_column_text]Sur base de notre expertise&hellip;<\/p>\n","protected":false},"author":2,"featured_media":1283,"parent":1367,"menu_order":0,"comment_status":"closed","ping_status":"closed","template":"","meta":{"_acf_changed":false,"footnotes":""},"class_list":["post-988","page","type-page","status-publish","has-post-thumbnail","hentry"],"acf":[],"_links":{"self":[{"href":"https:\/\/azimut-if.com\/fr\/wp-json\/wp\/v2\/pages\/988","targetHints":{"allow":["GET"]}}],"collection":[{"href":"https:\/\/azimut-if.com\/fr\/wp-json\/wp\/v2\/pages"}],"about":[{"href":"https:\/\/azimut-if.com\/fr\/wp-json\/wp\/v2\/types\/page"}],"author":[{"embeddable":true,"href":"https:\/\/azimut-if.com\/fr\/wp-json\/wp\/v2\/users\/2"}],"replies":[{"embeddable":true,"href":"https:\/\/azimut-if.com\/fr\/wp-json\/wp\/v2\/comments?post=988"}],"version-history":[{"count":17,"href":"https:\/\/azimut-if.com\/fr\/wp-json\/wp\/v2\/pages\/988\/revisions"}],"predecessor-version":[{"id":2836,"href":"https:\/\/azimut-if.com\/fr\/wp-json\/wp\/v2\/pages\/988\/revisions\/2836"}],"up":[{"embeddable":true,"href":"https:\/\/azimut-if.com\/fr\/wp-json\/wp\/v2\/pages\/1367"}],"wp:featuredmedia":[{"embeddable":true,"href":"https:\/\/azimut-if.com\/fr\/wp-json\/wp\/v2\/media\/1283"}],"wp:attachment":[{"href":"https:\/\/azimut-if.com\/fr\/wp-json\/wp\/v2\/media?parent=988"}],"curies":[{"name":"wp","href":"https:\/\/api.w.org\/{rel}","templated":true}]}}