{"id":985,"date":"2021-09-06T06:10:10","date_gmt":"2021-09-06T10:10:10","guid":{"rendered":"https:\/\/2e636f68ed.nxcli.net\/?page_id=985"},"modified":"2023-01-25T18:23:53","modified_gmt":"2023-01-25T17:23:53","slug":"digitalisation","status":"publish","type":"page","link":"https:\/\/azimut-if.com\/fr\/expertise\/entrepreneuriat\/digitalisation\/","title":{"rendered":"DIGITALISATION"},"content":{"rendered":"<div class=\"wpb-content-wrapper\"><p>[vc_row][vc_column][vc_video link=\u00a0\u00bbhttps:\/\/vimeo.com\/572642869\/3faa1e95df\u00a0\u00bb align=\u00a0\u00bbcenter\u00a0\u00bb][\/vc_column][\/vc_row][vc_row disable_element=\u00a0\u00bbyes\u00a0\u00bb][vc_column]\n\t\t\t<!-- START DIGITAL REVOLUTION SLIDER 6.7.38 --><p class=\"rs-p-wp-fix\"><\/p>\n\t\t\t<rs-module-wrap id=\"rev_slider_8_1_wrapper\" data-source=\"gallery\" style=\"visibility:hidden;background:transparent;padding:0;margin:0px auto;margin-top:0;margin-bottom:0;\">\n\t\t\t\t<rs-module id=\"rev_slider_8_1\" style=\"\" data-version=\"6.7.38\">\n\t\t\t\t\t<rs-slides style=\"overflow: hidden; position: absolute;\">\n\t\t\t\t\t\t<rs-slide style=\"position: absolute;\" data-key=\"rs-30\" data-title=\"Slide\" data-anim=\"adpr:false;\" data-in=\"o:0;\" data-out=\"a:false;\">\n\t\t\t\t\t\t\t<img decoding=\"async\" src=\"\/\/azimut-if.com\/wp-content\/plugins\/revslider\/sr6\/assets\/assets\/dummy.png\" alt=\"\" title=\"AZ_DIGIT_417862906\" width=\"1800\" height=\"1201\" class=\"rev-slidebg tp-rs-img rs-lazyload\" data-lazyload=\"\/\/azimut-if.com\/wp-content\/uploads\/2021\/09\/AZ_DIGIT_417862906.jpg\" data-bg=\"p:left top;\" data-parallax=\"14\" data-no-retina>\n<!---->\t\t\t\t\t<\/rs-slide>\n\t\t\t\t\t<\/rs-slides>\n\t\t\t\t\t<rs-static-layers><!--\n\t\t\t\t\t--><\/rs-static-layers>\n\t\t\t\t<\/rs-module>\n\t\t\t\t<script>\n\t\t\t\t\tsetREVStartSize({c: 'rev_slider_8_1',rl:[1240,1024,778,480],el:[700,768,960,720],gw:[1240,1024,778,480],gh:[700,500,450,400],type:'standard',justify:'',layout:'fullwidth',mh:\"0\"});if (window.RS_MODULES!==undefined && window.RS_MODULES.modules!==undefined && window.RS_MODULES.modules[\"revslider81\"]!==undefined) {window.RS_MODULES.modules[\"revslider81\"].once = false;window.revapi8 = undefined;if (window.RS_MODULES.checkMinimal!==undefined) window.RS_MODULES.checkMinimal()}\n\t\t\t\t<\/script>\n\t\t\t<\/rs-module-wrap>\n\t\t\t<!-- END REVOLUTION SLIDER -->\n[\/vc_column][\/vc_row][vc_row][vc_column][kalium_breadcrumb css=\u00a0\u00bb.vc_custom_1633031318426{padding-top: 50px !important;padding-bottom: 10px !important;}\u00a0\u00bb][\/vc_column][\/vc_row][vc_row css=\u00a0\u00bb.vc_custom_1633031328637{padding-bottom: 20px !important;}\u00a0\u00bb][vc_column width=\u00a0\u00bb1\/4&Prime;][vc_single_image image=\u00a0\u00bb1091&Prime; img_size=\u00a0\u00bbfull\u00a0\u00bb retina_image=\u00a0\u00bbyes\u00a0\u00bb][\/vc_column][vc_column width=\u00a0\u00bb3\/4&Prime;][vc_empty_space height=\u00a0\u00bb40&Prime;][vc_column_text]<\/p>\n<div class=\"nine columns\">\n<h2>Azimut accompagne les incubateurs, acc\u00e9l\u00e9rateurs et autres Structures d\u2019Accompagnement \u00e0 l\u2019Entrepreneuriat dans la digitalisation de leurs op\u00e9rations d\u2019accompagnement entrepreneurial.<\/h2>\n<\/div>\n<p>[\/vc_column_text][vc_column_text]<\/p>\n<div class=\"nine columns\">\n<p>En partenariat avec Wikiflow, nous promouvons la solution Wikiflow. Il s\u2019agit d\u2019une plateforme web d\u00e9di\u00e9e aux entrepreneurs et aux professionnels qui les accompagnent. Elle g\u00e9n\u00e8re des dossiers uniques digitalis\u00e9s interactifs d\u2019entrepreneurs ou de projets, aliment\u00e9s de fa\u00e7on s\u00e9curis\u00e9e par les diff\u00e9rents intervenants. Elle permet de suivre l\u2019historique complet d\u2019un processus d\u2019accompagnement (de la s\u00e9lection des b\u00e9n\u00e9ficiaires jusqu\u2019\u00e0 la phase post cr\u00e9ation d\u2019entreprise) et d\u2019en g\u00e9n\u00e9rer automatiquement les statistiques et indicateurs utiles.<\/p>\n<p>L\u2019outil permet de r\u00e9duire l\u2019asym\u00e9trie de l\u2019information, qui repr\u00e9sente souvent un frein \u00e0 l\u2019acc\u00e8s aux services financiers.\u00a0Wikiflow permet \u00e9galement de g\u00e9rer des espaces de travail, du contenu e-learning et de suivre l\u2019acc\u00e8s au financement des entreprises.<\/p>\n<\/div>\n<p>[\/vc_column_text][vc_column_text]<\/p>\n<div class=\"nine columns\">\n<p>Wikiflow permet aux SAE d\u2019am\u00e9liorer la qualit\u00e9 de l\u2019accompagnement, de r\u00e9duire le travail administratif, de faciliter le suivi et le partage d\u2019information, d\u2019automatiser le reporting et mieux comprendre l\u2019impact de l\u2019accompagnement sur les entreprises accompagn\u00e9es. Il permet ainsi aux SAE de faire des \u00e9conomies de temps, de papier et d\u2019argent, pour se concentrer sur leur c\u0153ur de m\u00e9tier : l\u2019accompagnement des entreprise.<\/p>\n<p>Wikiflow est aussi utile pour les entrepreneurs: il leur permet d\u2019organiser leur d\u00e9veloppement, de documenter l\u2019information sur leur projet, d\u2019acc\u00e9der \u00e0 des contenus interactifs et aux ressources d\u2019une communaut\u00e9 entrepreneuriale.<\/p>\n<\/div>\n<p>[\/vc_column_text][\/vc_column][\/vc_row][vc_row css=\u00a0\u00bb.vc_custom_1631109004480{padding-bottom: 20px !important;}\u00a0\u00bb][vc_column width=\u00a0\u00bb1\/4&Prime;][\/vc_column][vc_column width=\u00a0\u00bb3\/4&Prime;][vc_separator color=\u00a0\u00bborange\u00a0\u00bb][vc_column_text]<\/p>\n<h4><a href=\"https:\/\/azimut-if.com\/wp-content\/uploads\/2022\/03\/AZ_WIKIFLOW_BROCHURE_FR_PRESENTATION.pdf\">Download Brochure<\/a><\/h4>\n<p>[\/vc_column_text][vc_single_image image=\u00a0\u00bb2815&Prime; img_size=\u00a0\u00bblarge\u00a0\u00bb onclick=\u00a0\u00bbcustom_link\u00a0\u00bb link=\u00a0\u00bbhttps:\/\/azimut-if.com\/wp-content\/uploads\/2022\/03\/AZ_WIKIFLOW_BROCHURE_FR_PRESENTATION.pdf\u00a0\u00bb][\/vc_column][\/vc_row][vc_row css=\u00a0\u00bb.vc_custom_1631109004480{padding-bottom: 20px !important;}\u00a0\u00bb][vc_column width=\u00a0\u00bb1\/4&Prime;][\/vc_column][vc_column width=\u00a0\u00bb3\/4&Prime;][vc_separator color=\u00a0\u00bborange\u00a0\u00bb][vc_column_text]<\/p>\n<h4>Nos Projets<\/h4>\n<p>[\/vc_column_text][lab_portfolio_items category_filter=\u00a0\u00bbno\u00a0\u00bb portfolio_query=\u00a0\u00bbsize:12|order_by:date|post_type:portfolio|by_id:1805,1610&Prime;][\/vc_column][\/vc_row]<\/p>\n<\/div>","protected":false},"excerpt":{"rendered":"<p>[vc_row][vc_column][vc_video link=\u00a0\u00bbhttps:\/\/vimeo.com\/572642869\/3faa1e95df\u00a0\u00bb align=\u00a0\u00bbcenter\u00a0\u00bb][\/vc_column][\/vc_row][vc_row disable_element=\u00a0\u00bbyes\u00a0\u00bb][vc_column][\/vc_column][\/vc_row][vc_row][vc_column][kalium_breadcrumb css=\u00a0\u00bb.vc_custom_1633031318426{padding-top: 50px !important;padding-bottom: 10px !important;}\u00a0\u00bb][\/vc_column][\/vc_row][vc_row css=\u00a0\u00bb.vc_custom_1633031328637{padding-bottom: 20px !important;}\u00a0\u00bb][vc_column width=\u00a0\u00bb1\/4&Prime;][vc_single_image image=\u00a0\u00bb1091&Prime; img_size=\u00a0\u00bbfull\u00a0\u00bb retina_image=\u00a0\u00bbyes\u00a0\u00bb][\/vc_column][vc_column width=\u00a0\u00bb3\/4&Prime;][vc_empty_space height=\u00a0\u00bb40&Prime;][vc_column_text] Azimut accompagne les incubateurs, acc\u00e9l\u00e9rateurs et autres Structures d\u2019Accompagnement \u00e0 l\u2019Entrepreneuriat dans la digitalisation de leurs op\u00e9rations d\u2019accompagnement entrepreneurial. [\/vc_column_text][vc_column_text] En partenariat avec Wikiflow, nous promouvons la solution Wikiflow. Il s\u2019agit d\u2019une plateforme web d\u00e9di\u00e9e aux entrepreneurs&hellip;<\/p>\n","protected":false},"author":2,"featured_media":1091,"parent":1367,"menu_order":0,"comment_status":"closed","ping_status":"closed","template":"","meta":{"_acf_changed":false,"footnotes":""},"class_list":["post-985","page","type-page","status-publish","has-post-thumbnail","hentry"],"acf":[],"_links":{"self":[{"href":"https:\/\/azimut-if.com\/fr\/wp-json\/wp\/v2\/pages\/985","targetHints":{"allow":["GET"]}}],"collection":[{"href":"https:\/\/azimut-if.com\/fr\/wp-json\/wp\/v2\/pages"}],"about":[{"href":"https:\/\/azimut-if.com\/fr\/wp-json\/wp\/v2\/types\/page"}],"author":[{"embeddable":true,"href":"https:\/\/azimut-if.com\/fr\/wp-json\/wp\/v2\/users\/2"}],"replies":[{"embeddable":true,"href":"https:\/\/azimut-if.com\/fr\/wp-json\/wp\/v2\/comments?post=985"}],"version-history":[{"count":21,"href":"https:\/\/azimut-if.com\/fr\/wp-json\/wp\/v2\/pages\/985\/revisions"}],"predecessor-version":[{"id":2816,"href":"https:\/\/azimut-if.com\/fr\/wp-json\/wp\/v2\/pages\/985\/revisions\/2816"}],"up":[{"embeddable":true,"href":"https:\/\/azimut-if.com\/fr\/wp-json\/wp\/v2\/pages\/1367"}],"wp:featuredmedia":[{"embeddable":true,"href":"https:\/\/azimut-if.com\/fr\/wp-json\/wp\/v2\/media\/1091"}],"wp:attachment":[{"href":"https:\/\/azimut-if.com\/fr\/wp-json\/wp\/v2\/media?parent=985"}],"curies":[{"name":"wp","href":"https:\/\/api.w.org\/{rel}","templated":true}]}}