{"id":979,"date":"2021-09-06T06:09:07","date_gmt":"2021-09-06T10:09:07","guid":{"rendered":"https:\/\/2e636f68ed.nxcli.net\/?page_id=979"},"modified":"2023-01-25T18:22:06","modified_gmt":"2023-01-25T17:22:06","slug":"diagnostic-psf","status":"publish","type":"page","link":"https:\/\/azimut-if.com\/fr\/expertise\/finance-inclusive\/diagnostic-psf\/","title":{"rendered":"DIAGNOSTIC PSF"},"content":{"rendered":"<div class=\"wpb-content-wrapper\"><p>[vc_row full_width=\u00a0\u00bbstretch_row_content_no_spaces\u00a0\u00bb][vc_column]\n\t\t\t<!-- START DIAGNOSIS REVOLUTION SLIDER 6.7.38 --><p class=\"rs-p-wp-fix\"><\/p>\n\t\t\t<rs-module-wrap id=\"rev_slider_5_1_wrapper\" data-source=\"gallery\" style=\"visibility:hidden;background:transparent;padding:0;margin:0px auto;margin-top:0;margin-bottom:0;\">\n\t\t\t\t<rs-module id=\"rev_slider_5_1\" style=\"\" data-version=\"6.7.38\">\n\t\t\t\t\t<rs-slides style=\"overflow: hidden; position: absolute;\">\n\t\t\t\t\t\t<rs-slide style=\"position: absolute;\" data-key=\"rs-28\" data-title=\"Slide\" data-anim=\"adpr:false;\" data-in=\"o:0;\" data-out=\"a:false;\">\n\t\t\t\t\t\t\t<img decoding=\"async\" src=\"\/\/azimut-if.com\/wp-content\/plugins\/revslider\/sr6\/assets\/assets\/dummy.png\" alt=\"\" title=\"DIAGNOSTIC PSF\" class=\"rev-slidebg tp-rs-img rs-lazyload\" data-lazyload=\"\/\/azimut-if.com\/wp-content\/uploads\/2021\/09\/AZ_1121772548.jpg\" data-bg=\"p:right top;\" data-parallax=\"14\" data-no-retina>\n<!---->\t\t\t\t\t<\/rs-slide>\n\t\t\t\t\t<\/rs-slides>\n\t\t\t\t\t<rs-static-layers><!--\n\t\t\t\t\t--><\/rs-static-layers>\n\t\t\t\t<\/rs-module>\n\t\t\t\t<script>\n\t\t\t\t\tsetREVStartSize({c: 'rev_slider_5_1',rl:[1240,1024,778,480],el:[700,768,960,720],gw:[1240,1024,778,480],gh:[700,500,450,400],type:'standard',justify:'',layout:'fullwidth',mh:\"0\"});if (window.RS_MODULES!==undefined && window.RS_MODULES.modules!==undefined && window.RS_MODULES.modules[\"revslider51\"]!==undefined) {window.RS_MODULES.modules[\"revslider51\"].once = false;window.revapi5 = undefined;if (window.RS_MODULES.checkMinimal!==undefined) window.RS_MODULES.checkMinimal()}\n\t\t\t\t<\/script>\n\t\t\t<\/rs-module-wrap>\n\t\t\t<!-- END REVOLUTION SLIDER -->\n[\/vc_column][\/vc_row][vc_row][vc_column][kalium_breadcrumb css=\u00a0\u00bb.vc_custom_1633531561931{padding-top: 50px !important;padding-bottom: 10px !important;}\u00a0\u00bb][\/vc_column][\/vc_row][vc_row][vc_column width=\u00a0\u00bb1\/4&Prime;][vc_single_image image=\u00a0\u00bb1317&Prime; img_size=\u00a0\u00bbfull\u00a0\u00bb retina_image=\u00a0\u00bbyes\u00a0\u00bb][\/vc_column][vc_column width=\u00a0\u00bb3\/4&Prime;][vc_empty_space height=\u00a0\u00bb40px\u00a0\u00bb][vc_column_text]<\/p>\n<h2>Diagnostic SOFI-PSF est une m\u00e9thodologie d\u2019\u00e9valuation des besoins en Assistance Technique (AT) des Prestataires de Services Financiers (PSF).<\/h2>\n<p>[\/vc_column_text][vc_column_text]Son approche structur\u00e9e permet de confirmer et prioriser les besoins d\u2019AT et d\u2019\u00e9laborer un plan d\u2019AT sur mesure permettant aux PSF de lib\u00e9rer tout leur potentiel \u00e0 moyen-terme.<\/p>\n<p>La valeur ajout\u00e9e de Diagnostic SOFI-PSF r\u00e9side dans l\u2019analyse de la capacit\u00e9 du PSF \u00e0 changer, avec un focus particulier sur le capital humain afin de s\u2019assurer que toutes les conditions n\u00e9cessaires soient remplies pour impulser un changement durable.<\/p>\n<p>L\u2019exp\u00e9rience nous a d\u00e9montr\u00e9 que ceci contribue \u00e0 un ancrage du changement au sein des PSF appuy\u00e9s au b\u00e9n\u00e9fice de leurs performances, garantissant ainsi un plus grand retour sur investissement en appui technique.[\/vc_column_text][vc_column_text]Diagnostic SOFI-PSF s\u2019adresse\u00a0aux v\u00e9hicules d\u2019investissement en Microfinance (VIM) qui g\u00e8rent des fonds d\u2019AT et sont soucieux de professionnaliser l\u2019accompagnement technique des PSF financ\u00e9s. L\u2019outil aide \u00e0 mesurer le retour sur investissement, l\u2019impact de l\u2019AT.<\/p>\n<p>Diagnostic SOFI-PSF s\u2019adresse\u00a0aux bailleurs de fonds et les agences de d\u00e9veloppement \u00e0 s\u00e9lectionner les PSF avec lesquels travailler et \u00e0 orienter leurs contributions afin d\u2019\u00eatre en ligne avec la mission et les objectifs strat\u00e9giques des PSF et non l\u2019inverse.\u00a0Ils utilisent SOFI pour mieux comprendre la r\u00e9alit\u00e9 des PSF et donc leur potentiel et leurs besoins pour formuler ou r\u00e9ussir l\u2019impl\u00e9mentation d\u2019un projet.[\/vc_column_text][\/vc_column][\/vc_row][vc_row][vc_column width=\u00a0\u00bb1\/4&Prime;][\/vc_column][vc_column width=\u00a0\u00bb3\/4&Prime;][vc_single_image image=\u00a0\u00bb1403&Prime; img_size=\u00a0\u00bbfull\u00a0\u00bb alignment=\u00a0\u00bbcenter\u00a0\u00bb onclick=\u00a0\u00bbkalium_lightbox\u00a0\u00bb][\/vc_column][\/vc_row][vc_row css=\u00a0\u00bb.vc_custom_1631109004480{padding-bottom: 20px !important;}\u00a0\u00bb][vc_column width=\u00a0\u00bb1\/4&Prime;][\/vc_column][vc_column width=\u00a0\u00bb3\/4&Prime;][vc_separator color=\u00a0\u00bborange\u00a0\u00bb][vc_column_text]<\/p>\n<h4><a href=\"https:\/\/azimut-if.com\/wp-content\/uploads\/2022\/03\/AZ_SOFI-FSP_EN.pdf\" target=\"_blank\" rel=\"noopener\">&gt; Download our brochure<\/a><\/h4>\n<p>[\/vc_column_text][vc_single_image image=\u00a0\u00bb2779&Prime; img_size=\u00a0\u00bblarge\u00a0\u00bb onclick=\u00a0\u00bbcustom_link\u00a0\u00bb link=\u00a0\u00bbhttps:\/\/azimut-if.com\/wp-content\/uploads\/2022\/03\/AZ_SOFI-PSF_FR.pdf\u00a0\u00bb][\/vc_column][\/vc_row][vc_row css=\u00a0\u00bb.vc_custom_1631109004480{padding-bottom: 20px !important;}\u00a0\u00bb][vc_column width=\u00a0\u00bb1\/4&Prime;][\/vc_column][vc_column width=\u00a0\u00bb3\/4&Prime;][vc_separator color=\u00a0\u00bborange\u00a0\u00bb][vc_column_text]<\/p>\n<h4>Nos Projets<\/h4>\n<p>[\/vc_column_text][lab_portfolio_items category_filter=\u00a0\u00bbno\u00a0\u00bb portfolio_query=\u00a0\u00bbsize:12|order_by:date|post_type:portfolio|by_id:1819,1583&Prime;][\/vc_column][\/vc_row]<\/p>\n<\/div>","protected":false},"excerpt":{"rendered":"<p>[vc_row full_width=\u00a0\u00bbstretch_row_content_no_spaces\u00a0\u00bb][vc_column][\/vc_column][\/vc_row][vc_row][vc_column][kalium_breadcrumb css=\u00a0\u00bb.vc_custom_1633531561931{padding-top: 50px !important;padding-bottom: 10px !important;}\u00a0\u00bb][\/vc_column][\/vc_row][vc_row][vc_column width=\u00a0\u00bb1\/4&Prime;][vc_single_image image=\u00a0\u00bb1317&Prime; img_size=\u00a0\u00bbfull\u00a0\u00bb retina_image=\u00a0\u00bbyes\u00a0\u00bb][\/vc_column][vc_column width=\u00a0\u00bb3\/4&Prime;][vc_empty_space height=\u00a0\u00bb40px\u00a0\u00bb][vc_column_text] Diagnostic SOFI-PSF est une m\u00e9thodologie d\u2019\u00e9valuation des besoins en Assistance Technique (AT) des Prestataires de Services Financiers (PSF). [\/vc_column_text][vc_column_text]Son approche structur\u00e9e permet de confirmer et prioriser les besoins d\u2019AT et d\u2019\u00e9laborer un plan d\u2019AT sur mesure permettant aux PSF de lib\u00e9rer tout&hellip;<\/p>\n","protected":false},"author":2,"featured_media":1287,"parent":1369,"menu_order":0,"comment_status":"closed","ping_status":"closed","template":"","meta":{"_acf_changed":false,"footnotes":""},"class_list":["post-979","page","type-page","status-publish","has-post-thumbnail","hentry"],"acf":[],"_links":{"self":[{"href":"https:\/\/azimut-if.com\/fr\/wp-json\/wp\/v2\/pages\/979","targetHints":{"allow":["GET"]}}],"collection":[{"href":"https:\/\/azimut-if.com\/fr\/wp-json\/wp\/v2\/pages"}],"about":[{"href":"https:\/\/azimut-if.com\/fr\/wp-json\/wp\/v2\/types\/page"}],"author":[{"embeddable":true,"href":"https:\/\/azimut-if.com\/fr\/wp-json\/wp\/v2\/users\/2"}],"replies":[{"embeddable":true,"href":"https:\/\/azimut-if.com\/fr\/wp-json\/wp\/v2\/comments?post=979"}],"version-history":[{"count":27,"href":"https:\/\/azimut-if.com\/fr\/wp-json\/wp\/v2\/pages\/979\/revisions"}],"predecessor-version":[{"id":2785,"href":"https:\/\/azimut-if.com\/fr\/wp-json\/wp\/v2\/pages\/979\/revisions\/2785"}],"up":[{"embeddable":true,"href":"https:\/\/azimut-if.com\/fr\/wp-json\/wp\/v2\/pages\/1369"}],"wp:featuredmedia":[{"embeddable":true,"href":"https:\/\/azimut-if.com\/fr\/wp-json\/wp\/v2\/media\/1287"}],"wp:attachment":[{"href":"https:\/\/azimut-if.com\/fr\/wp-json\/wp\/v2\/media?parent=979"}],"curies":[{"name":"wp","href":"https:\/\/api.w.org\/{rel}","templated":true}]}}