{"id":969,"date":"2021-09-06T06:07:33","date_gmt":"2021-09-06T10:07:33","guid":{"rendered":"https:\/\/2e636f68ed.nxcli.net\/?page_id=969"},"modified":"2023-01-25T18:22:42","modified_gmt":"2023-01-25T17:22:42","slug":"finance-digitale","status":"publish","type":"page","link":"https:\/\/azimut-if.com\/fr\/expertise\/finance-inclusive\/finance-digitale\/","title":{"rendered":"FINANCE DIGITALE"},"content":{"rendered":"<div class=\"wpb-content-wrapper\"><p>[vc_row full_width=\u00a0\u00bbstretch_row_content_no_spaces\u00a0\u00bb][vc_column]\n\t\t\t<!-- START DIGITAL FINANCE REVOLUTION SLIDER 6.7.38 --><p class=\"rs-p-wp-fix\"><\/p>\n\t\t\t<rs-module-wrap id=\"rev_slider_12_1_wrapper\" data-source=\"gallery\" style=\"visibility:hidden;background:transparent;padding:0;margin:0px auto;margin-top:0;margin-bottom:0;\">\n\t\t\t\t<rs-module id=\"rev_slider_12_1\" style=\"\" data-version=\"6.7.38\">\n\t\t\t\t\t<rs-slides style=\"overflow: hidden; position: absolute;\">\n\t\t\t\t\t\t<rs-slide style=\"position: absolute;\" data-key=\"rs-40\" data-title=\"Slide\" data-anim=\"adpr:false;\" data-in=\"o:0;\" data-out=\"a:false;\">\n\t\t\t\t\t\t\t<img decoding=\"async\" src=\"\/\/azimut-if.com\/wp-content\/plugins\/revslider\/sr6\/assets\/assets\/dummy.png\" alt=\"\" title=\"AZ_1607132029\" width=\"1800\" height=\"1200\" class=\"rev-slidebg tp-rs-img rs-lazyload\" data-lazyload=\"\/\/azimut-if.com\/wp-content\/uploads\/2021\/09\/AZ_1607132029.jpg\" data-bg=\"p:left center;\" data-parallax=\"14\" data-no-retina>\n<!---->\t\t\t\t\t<\/rs-slide>\n\t\t\t\t\t\t<rs-slide style=\"position: absolute;\" data-key=\"rs-41\" data-title=\"Slide\" data-anim=\"adpr:false;\" data-in=\"o:0;\" data-out=\"a:false;\">\n\t\t\t\t\t\t\t<img decoding=\"async\" src=\"\/\/azimut-if.com\/wp-content\/plugins\/revslider\/sr6\/assets\/assets\/dummy.png\" alt=\"\" title=\"AZ_DIGIT_417862906\" width=\"1800\" height=\"1201\" class=\"rev-slidebg tp-rs-img rs-lazyload\" data-lazyload=\"\/\/azimut-if.com\/wp-content\/uploads\/2021\/09\/AZ_DIGIT_417862906.jpg\" data-bg=\"p:left center;\" data-parallax=\"14\" data-no-retina>\n<!---->\t\t\t\t\t<\/rs-slide>\n\t\t\t\t\t<\/rs-slides>\n\t\t\t\t\t<rs-static-layers><!--\n\t\t\t\t\t--><\/rs-static-layers>\n\t\t\t\t<\/rs-module>\n\t\t\t\t<script>\n\t\t\t\t\tsetREVStartSize({c: 'rev_slider_12_1',rl:[1240,1024,778,480],el:[700,768,960,720],gw:[1240,1024,778,480],gh:[700,500,400,400],type:'standard',justify:'',layout:'fullwidth',mh:\"0\"});if (window.RS_MODULES!==undefined && window.RS_MODULES.modules!==undefined && window.RS_MODULES.modules[\"revslider121\"]!==undefined) {window.RS_MODULES.modules[\"revslider121\"].once = false;window.revapi12 = undefined;if (window.RS_MODULES.checkMinimal!==undefined) window.RS_MODULES.checkMinimal()}\n\t\t\t\t<\/script>\n\t\t\t<\/rs-module-wrap>\n\t\t\t<!-- END REVOLUTION SLIDER -->\n[\/vc_column][\/vc_row][vc_row][vc_column][kalium_breadcrumb css=\u00a0\u00bb.vc_custom_1633031556093{padding-top: 50px !important;padding-bottom: 10px !important;}\u00a0\u00bb][\/vc_column][\/vc_row][vc_row css=\u00a0\u00bb.vc_custom_1633031569816{padding-top: 0px !important;padding-bottom: 20px !important;}\u00a0\u00bb][vc_column width=\u00a0\u00bb1\/4&Prime;][vc_single_image image=\u00a0\u00bb1867&Prime; img_size=\u00a0\u00bbfull\u00a0\u00bb retina_image=\u00a0\u00bbyes\u00a0\u00bb][\/vc_column][vc_column width=\u00a0\u00bb3\/4&Prime;][vc_empty_space height=\u00a0\u00bb40&Prime;][vc_column_text]<\/p>\n<h2>Nous accompagnons les PSF dans leurs efforts de digitalisation de leurs op\u00e9rations. En collaboration avec nos experts associ\u00e9s, nous proposons les services d\u2019accompagnement suivants:<\/h2>\n<p>[\/vc_column_text][vc_column_text]<\/p>\n<ul>\n<li>\n<div>Elaboration de strat\u00e9gie digitale<\/div>\n<div><\/div>\n<\/li>\n<li>\n<div>Etude de faisabilit\u00e9 pour le d\u00e9veloppement de produits\/services digitaux<\/div>\n<div><\/div>\n<\/li>\n<li>\n<div>Le d\u00e9veloppement de solutions ou applications digitales par les PSF pour leurs client(e)s<\/div>\n<div><\/div>\n<\/li>\n<li>\n<div>Digitalisation du process cr\u00e9dit<\/div>\n<div><\/div>\n<\/li>\n<li>\n<div>Etude sur la mise en place de r\u00e9seaux d\u2019agents-partenaires, de caisses mobiles<\/div>\n<\/li>\n<\/ul>\n<p>[\/vc_column_text][\/vc_column][\/vc_row][vc_row css=\u00a0\u00bb.vc_custom_1631109004480{padding-bottom: 20px !important;}\u00a0\u00bb][vc_column width=\u00a0\u00bb1\/4&Prime;][\/vc_column][vc_column width=\u00a0\u00bb3\/4&Prime;][vc_separator color=\u00a0\u00bborange\u00a0\u00bb][vc_column_text]<\/p>\n<h4>Nos Projets<\/h4>\n<p>[\/vc_column_text][lab_portfolio_items category_filter=\u00a0\u00bbno\u00a0\u00bb portfolio_query=\u00a0\u00bbsize:12|order_by:date|post_type:portfolio|by_id:1793,1600&Prime;][\/vc_column][\/vc_row]<\/p>\n<\/div>","protected":false},"excerpt":{"rendered":"<p>[vc_row full_width=\u00a0\u00bbstretch_row_content_no_spaces\u00a0\u00bb][vc_column][\/vc_column][\/vc_row][vc_row][vc_column][kalium_breadcrumb css=\u00a0\u00bb.vc_custom_1633031556093{padding-top: 50px !important;padding-bottom: 10px !important;}\u00a0\u00bb][\/vc_column][\/vc_row][vc_row css=\u00a0\u00bb.vc_custom_1633031569816{padding-top: 0px !important;padding-bottom: 20px !important;}\u00a0\u00bb][vc_column width=\u00a0\u00bb1\/4&Prime;][vc_single_image image=\u00a0\u00bb1867&Prime; img_size=\u00a0\u00bbfull\u00a0\u00bb retina_image=\u00a0\u00bbyes\u00a0\u00bb][\/vc_column][vc_column width=\u00a0\u00bb3\/4&Prime;][vc_empty_space height=\u00a0\u00bb40&Prime;][vc_column_text] Nous accompagnons les PSF dans leurs efforts de digitalisation de leurs op\u00e9rations. En collaboration avec nos experts associ\u00e9s, nous proposons les services d\u2019accompagnement suivants: [\/vc_column_text][vc_column_text] Elaboration de strat\u00e9gie digitale Etude de faisabilit\u00e9 pour le d\u00e9veloppement de produits\/services&hellip;<\/p>\n","protected":false},"author":2,"featured_media":1244,"parent":1369,"menu_order":0,"comment_status":"closed","ping_status":"closed","template":"","meta":{"_acf_changed":false,"footnotes":""},"class_list":["post-969","page","type-page","status-publish","has-post-thumbnail","hentry"],"acf":[],"_links":{"self":[{"href":"https:\/\/azimut-if.com\/fr\/wp-json\/wp\/v2\/pages\/969","targetHints":{"allow":["GET"]}}],"collection":[{"href":"https:\/\/azimut-if.com\/fr\/wp-json\/wp\/v2\/pages"}],"about":[{"href":"https:\/\/azimut-if.com\/fr\/wp-json\/wp\/v2\/types\/page"}],"author":[{"embeddable":true,"href":"https:\/\/azimut-if.com\/fr\/wp-json\/wp\/v2\/users\/2"}],"replies":[{"embeddable":true,"href":"https:\/\/azimut-if.com\/fr\/wp-json\/wp\/v2\/comments?post=969"}],"version-history":[{"count":17,"href":"https:\/\/azimut-if.com\/fr\/wp-json\/wp\/v2\/pages\/969\/revisions"}],"predecessor-version":[{"id":2202,"href":"https:\/\/azimut-if.com\/fr\/wp-json\/wp\/v2\/pages\/969\/revisions\/2202"}],"up":[{"embeddable":true,"href":"https:\/\/azimut-if.com\/fr\/wp-json\/wp\/v2\/pages\/1369"}],"wp:featuredmedia":[{"embeddable":true,"href":"https:\/\/azimut-if.com\/fr\/wp-json\/wp\/v2\/media\/1244"}],"wp:attachment":[{"href":"https:\/\/azimut-if.com\/fr\/wp-json\/wp\/v2\/media?parent=969"}],"curies":[{"name":"wp","href":"https:\/\/api.w.org\/{rel}","templated":true}]}}