{"id":963,"date":"2021-09-06T06:06:47","date_gmt":"2021-09-06T10:06:47","guid":{"rendered":"https:\/\/2e636f68ed.nxcli.net\/?page_id=963"},"modified":"2023-01-25T18:23:32","modified_gmt":"2023-01-25T17:23:32","slug":"agriculture-finance","status":"publish","type":"page","link":"https:\/\/azimut-if.com\/fr\/expertise\/finance-inclusive\/agriculture-finance\/","title":{"rendered":"FINANCE AGRICOLE"},"content":{"rendered":"<div class=\"wpb-content-wrapper\"><p>[vc_row full_width=\u00a0\u00bbstretch_row_content_no_spaces\u00a0\u00bb][vc_column]\n\t\t\t<!-- START AGRICULTURE FINANCE REVOLUTION SLIDER 6.7.38 --><p class=\"rs-p-wp-fix\"><\/p>\n\t\t\t<rs-module-wrap id=\"rev_slider_10_1_wrapper\" data-source=\"gallery\" style=\"visibility:hidden;background:transparent;padding:0;margin:0px auto;margin-top:0;margin-bottom:0;\">\n\t\t\t\t<rs-module id=\"rev_slider_10_1\" style=\"\" data-version=\"6.7.38\">\n\t\t\t\t\t<rs-slides style=\"overflow: hidden; position: absolute;\">\n\t\t\t\t\t\t<rs-slide style=\"position: absolute;\" data-key=\"rs-33\" data-title=\"Slide\" data-anim=\"adpr:false;\" data-in=\"o:0;\" data-out=\"a:false;\">\n\t\t\t\t\t\t\t<img decoding=\"async\" src=\"\/\/azimut-if.com\/wp-content\/plugins\/revslider\/sr6\/assets\/assets\/dummy.png\" alt=\"\" title=\"AZ_AGRICU_1476587819_MT\" width=\"1800\" height=\"1200\" class=\"rev-slidebg tp-rs-img rs-lazyload\" data-lazyload=\"\/\/azimut-if.com\/wp-content\/uploads\/2021\/09\/AZ_AGRICU_1476587819_MT.jpg\" data-bg=\"p:right top;\" data-parallax=\"14\" data-no-retina>\n<!---->\t\t\t\t\t<\/rs-slide>\n\t\t\t\t\t<\/rs-slides>\n\t\t\t\t\t<rs-static-layers><!--\n\t\t\t\t\t--><\/rs-static-layers>\n\t\t\t\t<\/rs-module>\n\t\t\t\t<script>\n\t\t\t\t\tsetREVStartSize({c: 'rev_slider_10_1',rl:[1240,1024,778,480],el:[700,768,960,720],gw:[1240,1024,778,480],gh:[700,500,450,400],type:'standard',justify:'',layout:'fullwidth',mh:\"0\"});if (window.RS_MODULES!==undefined && window.RS_MODULES.modules!==undefined && window.RS_MODULES.modules[\"revslider101\"]!==undefined) {window.RS_MODULES.modules[\"revslider101\"].once = false;window.revapi10 = undefined;if (window.RS_MODULES.checkMinimal!==undefined) window.RS_MODULES.checkMinimal()}\n\t\t\t\t<\/script>\n\t\t\t<\/rs-module-wrap>\n\t\t\t<!-- END REVOLUTION SLIDER -->\n[\/vc_column][\/vc_row][vc_row][vc_column][kalium_breadcrumb css=\u00a0\u00bb.vc_custom_1633031677963{padding-top: 50px !important;padding-bottom: 10px !important;}\u00a0\u00bb][\/vc_column][\/vc_row][vc_row css=\u00a0\u00bb.vc_custom_1633031690424{padding-bottom: 20px !important;}\u00a0\u00bb][vc_column width=\u00a0\u00bb1\/4&Prime;][vc_single_image image=\u00a0\u00bb1860&Prime; img_size=\u00a0\u00bbfull\u00a0\u00bb retina_image=\u00a0\u00bbyes\u00a0\u00bb][\/vc_column][vc_column width=\u00a0\u00bb3\/4&Prime;][vc_empty_space height=\u00a0\u00bb50px\u00a0\u00bb][vc_column_text]<\/p>\n<h2>L\u2019agriculture repr\u00e9sente un important vecteur de croissance \u00e9conomique, particuli\u00e8rement en Afrique o\u00f9 elle repr\u00e9sente la principale source de revenus pour environ 90% de la population rurale et 60% de sa main-d\u2019\u0153uvre.<\/h2>\n<p>[\/vc_column_text][vc_column_text]S\u2019il y a eu une am\u00e9lioration de l\u2019acc\u00e8s des millions de petits exploitants agricoles aux services financiers en g\u00e9n\u00e9ral, l\u2019acc\u00e8s \u00e0 des services financiers sp\u00e9cifiques \u00e0 leurs activit\u00e9s agricoles reste largement limit\u00e9.<\/p>\n<p>D\u00e9velopper le financement des chaines de valeur agricole requiert des strat\u00e9gies, des m\u00e9thodes, des outils et des comp\u00e9tences particuli\u00e8res. Azimut met toute son expertise au service des prestataires de services financiers pour mieux servir les agriculteurs africains.[\/vc_column_text][vc_column_text]Nous les accompagnons \u00e0 :<\/p>\n<ul>\n<li>Elaborer une strat\u00e9gie de finance agricole ou Agribusiness<\/li>\n<li>Concevoir des produits et services financiers adapt\u00e9s<\/li>\n<li>D\u00e9velopper la m\u00e9thodologie de cr\u00e9dit adapt\u00e9e<\/li>\n<li>Former leurs agents<\/li>\n<li>G\u00e9rer les risques sp\u00e9cifiques<\/li>\n<li>D\u00e9velopper le r\u00e9seau de points de vente ou utiliser de nouveaux canaux de distribution<\/li>\n<\/ul>\n<p>[\/vc_column_text][vc_column_text]Azimut est \u00e9galement sollicit\u00e9 par les bailleurs et institutions financi\u00e8res internationales pour :<\/p>\n<ul>\n<li>Formuler des projets de finance agricole;<\/li>\n<li>R\u00e9aliser des \u00e9tudes de faisabilit\u00e9 et structurer des fonds d\u2019investissement d\u00e9di\u00e9s \u00e0 l\u2019agriculture \/ \u00e9levage<\/li>\n<li>Concevoir et op\u00e9rationnaliser de m\u00e9canismes de financement innovants (Fonds de garantie)<\/li>\n<\/ul>\n<p>[\/vc_column_text][\/vc_column][\/vc_row][vc_row css=\u00a0\u00bb.vc_custom_1631109004480{padding-bottom: 20px !important;}\u00a0\u00bb][vc_column width=\u00a0\u00bb1\/4&Prime;][\/vc_column][vc_column width=\u00a0\u00bb3\/4&Prime;][vc_separator color=\u00a0\u00bborange\u00a0\u00bb][vc_column_text]<\/p>\n<h4>Nos Projets<\/h4>\n<p>[\/vc_column_text][lab_portfolio_items category_filter=\u00a0\u00bbno\u00a0\u00bb pagination_type=\u00a0\u00bbendless\u00a0\u00bb endless_auto_reveal=\u00a0\u00bbyes\u00a0\u00bb portfolio_query=\u00a0\u00bbsize:All|order_by:date|post_type:portfolio|by_id:1630,1796,1802,1808,1811,1595,1578&Prime;][\/vc_column][\/vc_row]<\/p>\n<\/div>","protected":false},"excerpt":{"rendered":"<p>[vc_row full_width=\u00a0\u00bbstretch_row_content_no_spaces\u00a0\u00bb][vc_column][\/vc_column][\/vc_row][vc_row][vc_column][kalium_breadcrumb css=\u00a0\u00bb.vc_custom_1633031677963{padding-top: 50px !important;padding-bottom: 10px !important;}\u00a0\u00bb][\/vc_column][\/vc_row][vc_row css=\u00a0\u00bb.vc_custom_1633031690424{padding-bottom: 20px !important;}\u00a0\u00bb][vc_column width=\u00a0\u00bb1\/4&Prime;][vc_single_image image=\u00a0\u00bb1860&Prime; img_size=\u00a0\u00bbfull\u00a0\u00bb retina_image=\u00a0\u00bbyes\u00a0\u00bb][\/vc_column][vc_column width=\u00a0\u00bb3\/4&Prime;][vc_empty_space height=\u00a0\u00bb50px\u00a0\u00bb][vc_column_text] L\u2019agriculture repr\u00e9sente un important vecteur de croissance \u00e9conomique, particuli\u00e8rement en Afrique o\u00f9 elle repr\u00e9sente la principale source de revenus pour environ 90% de la population rurale et 60% de sa main-d\u2019\u0153uvre. [\/vc_column_text][vc_column_text]S\u2019il y a eu une am\u00e9lioration de l\u2019acc\u00e8s&hellip;<\/p>\n","protected":false},"author":2,"featured_media":1012,"parent":1369,"menu_order":0,"comment_status":"closed","ping_status":"closed","template":"","meta":{"_acf_changed":false,"footnotes":""},"class_list":["post-963","page","type-page","status-publish","has-post-thumbnail","hentry"],"acf":[],"_links":{"self":[{"href":"https:\/\/azimut-if.com\/fr\/wp-json\/wp\/v2\/pages\/963","targetHints":{"allow":["GET"]}}],"collection":[{"href":"https:\/\/azimut-if.com\/fr\/wp-json\/wp\/v2\/pages"}],"about":[{"href":"https:\/\/azimut-if.com\/fr\/wp-json\/wp\/v2\/types\/page"}],"author":[{"embeddable":true,"href":"https:\/\/azimut-if.com\/fr\/wp-json\/wp\/v2\/users\/2"}],"replies":[{"embeddable":true,"href":"https:\/\/azimut-if.com\/fr\/wp-json\/wp\/v2\/comments?post=963"}],"version-history":[{"count":27,"href":"https:\/\/azimut-if.com\/fr\/wp-json\/wp\/v2\/pages\/963\/revisions"}],"predecessor-version":[{"id":2196,"href":"https:\/\/azimut-if.com\/fr\/wp-json\/wp\/v2\/pages\/963\/revisions\/2196"}],"up":[{"embeddable":true,"href":"https:\/\/azimut-if.com\/fr\/wp-json\/wp\/v2\/pages\/1369"}],"wp:featuredmedia":[{"embeddable":true,"href":"https:\/\/azimut-if.com\/fr\/wp-json\/wp\/v2\/media\/1012"}],"wp:attachment":[{"href":"https:\/\/azimut-if.com\/fr\/wp-json\/wp\/v2\/media?parent=963"}],"curies":[{"name":"wp","href":"https:\/\/api.w.org\/{rel}","templated":true}]}}