{"id":1442,"date":"2021-10-06T11:57:55","date_gmt":"2021-10-06T15:57:55","guid":{"rendered":"https:\/\/2e636f68ed.nxcli.net\/?page_id=1442"},"modified":"2023-01-25T18:21:56","modified_gmt":"2023-01-25T17:21:56","slug":"finance-verte","status":"publish","type":"page","link":"https:\/\/azimut-if.com\/fr\/expertise\/finance-inclusive\/finance-verte\/","title":{"rendered":"FINANCE VERTE"},"content":{"rendered":"<div class=\"wpb-content-wrapper\"><p>[vc_row full_width=\u00a0\u00bbstretch_row_content_no_spaces\u00a0\u00bb][vc_column]\n\t\t\t<!-- START GREEN REVOLUTION SLIDER 6.7.38 --><p class=\"rs-p-wp-fix\"><\/p>\n\t\t\t<rs-module-wrap id=\"rev_slider_11_1_wrapper\" data-source=\"gallery\" style=\"visibility:hidden;background:transparent;padding:0;margin:0px auto;margin-top:0;margin-bottom:0;\">\n\t\t\t\t<rs-module id=\"rev_slider_11_1\" style=\"\" data-version=\"6.7.38\">\n\t\t\t\t\t<rs-slides style=\"overflow: hidden; position: absolute;\">\n\t\t\t\t\t\t<rs-slide style=\"position: absolute;\" data-key=\"rs-38\" data-title=\"Slide\" data-anim=\"adpr:false;\" data-in=\"o:0;\" data-out=\"a:false;\">\n\t\t\t\t\t\t\t<img decoding=\"async\" src=\"\/\/azimut-if.com\/wp-content\/plugins\/revslider\/sr6\/assets\/assets\/dummy.png\" alt=\"\" title=\"AZ_1524421928\" width=\"1800\" height=\"1200\" class=\"rev-slidebg tp-rs-img rs-lazyload\" data-lazyload=\"\/\/azimut-if.com\/wp-content\/uploads\/2021\/10\/AZ_1524421928.jpg\" data-bg=\"p:center top;\" data-parallax=\"14\" data-no-retina>\n<!---->\t\t\t\t\t<\/rs-slide>\n\t\t\t\t\t\t<rs-slide style=\"position: absolute;\" data-key=\"rs-39\" data-title=\"Slide\" data-anim=\"adpr:false;\" data-in=\"o:0;\" data-out=\"a:false;\">\n\t\t\t\t\t\t\t<img decoding=\"async\" src=\"\/\/azimut-if.com\/wp-content\/plugins\/revslider\/sr6\/assets\/assets\/dummy.png\" alt=\"\" title=\"AZ_1680600826\" width=\"1800\" height=\"1200\" class=\"rev-slidebg tp-rs-img rs-lazyload\" data-lazyload=\"\/\/azimut-if.com\/wp-content\/uploads\/2021\/10\/AZ_1680600826.jpg\" data-bg=\"p:center top;\" data-parallax=\"14\" data-no-retina>\n<!---->\t\t\t\t\t<\/rs-slide>\n\t\t\t\t\t<\/rs-slides>\n\t\t\t\t\t<rs-static-layers><!--\n\t\t\t\t\t--><\/rs-static-layers>\n\t\t\t\t<\/rs-module>\n\t\t\t\t<script>\n\t\t\t\t\tsetREVStartSize({c: 'rev_slider_11_1',rl:[1240,1024,778,480],el:[700,768,960,720],gw:[1240,1024,778,480],gh:[700,500,450,400],type:'standard',justify:'',layout:'fullwidth',mh:\"0\"});if (window.RS_MODULES!==undefined && window.RS_MODULES.modules!==undefined && window.RS_MODULES.modules[\"revslider111\"]!==undefined) {window.RS_MODULES.modules[\"revslider111\"].once = false;window.revapi11 = undefined;if (window.RS_MODULES.checkMinimal!==undefined) window.RS_MODULES.checkMinimal()}\n\t\t\t\t<\/script>\n\t\t\t<\/rs-module-wrap>\n\t\t\t<!-- END REVOLUTION SLIDER -->\n[\/vc_column][\/vc_row][vc_row][vc_column][kalium_breadcrumb css=\u00a0\u00bb.vc_custom_1633031677963{padding-top: 50px !important;padding-bottom: 10px !important;}\u00a0\u00bb][\/vc_column][\/vc_row][vc_row css=\u00a0\u00bb.vc_custom_1633031690424{padding-bottom: 20px !important;}\u00a0\u00bb][vc_column width=\u00a0\u00bb1\/4&Prime;][vc_single_image image=\u00a0\u00bb1431&Prime; img_size=\u00a0\u00bbfull\u00a0\u00bb retina_image=\u00a0\u00bbyes\u00a0\u00bb][\/vc_column][vc_column width=\u00a0\u00bb3\/4&Prime;][vc_empty_space height=\u00a0\u00bb50px\u00a0\u00bb][vc_column_text]<\/p>\n<h2>L\u2019impact du changement climatique et la d\u00e9gradation de l\u2019environnement affectent l\u2019agriculture et la s\u00e9curit\u00e9 alimentaire, la sant\u00e9, l\u2019acc\u00e8s \u00e0 l\u2019eau et \u00e0 l\u2019\u00e9nergie.<\/h2>\n<p>[\/vc_column_text][vc_column_text]Nous accompagnons les acteurs du secteur de la microfinance \u00e0 d\u00e9velopper des solutions et des produits financiers innovants pour faciliter une transition progressive vers une \u00e9conomie plus verte et plus r\u00e9siliente aux changements climatiques.<\/p>\n<p>Au Maroc nous avons ainsi fait une \u00e9tude de faisabilit\u00e9 pour la mise en place d\u2019un fonds d\u2019investissement pour permettre aux petits producteurs et PME agricoles d\u2019acc\u00e9der \u00e0 des engrais et des pesticides biologiques.<\/p>\n<p>Au Rwanda, nous avons fait une \u00e9tude de faisabilit\u00e9 pour le compte d\u2019IUCN sur les m\u00e9canismes de financement de l\u2019agroforesterie, notamment en collaborant avec des FSP.[\/vc_column_text][\/vc_column][\/vc_row][vc_row css=\u00a0\u00bb.vc_custom_1631109004480{padding-bottom: 20px !important;}\u00a0\u00bb][vc_column width=\u00a0\u00bb1\/4&Prime;][\/vc_column][vc_column width=\u00a0\u00bb3\/4&Prime;][vc_separator color=\u00a0\u00bborange\u00a0\u00bb][vc_column_text]<\/p>\n<h4>Nos Projets<\/h4>\n<p>[\/vc_column_text][lab_portfolio_items category_filter=\u00a0\u00bbno\u00a0\u00bb portfolio_query=\u00a0\u00bbsize:12|order_by:date|post_type:portfolio|by_id:1589,1589&Prime;][\/vc_column][\/vc_row]<\/p>\n<\/div>","protected":false},"excerpt":{"rendered":"<p>[vc_row full_width=\u00a0\u00bbstretch_row_content_no_spaces\u00a0\u00bb][vc_column][\/vc_column][\/vc_row][vc_row][vc_column][kalium_breadcrumb css=\u00a0\u00bb.vc_custom_1633031677963{padding-top: 50px !important;padding-bottom: 10px !important;}\u00a0\u00bb][\/vc_column][\/vc_row][vc_row css=\u00a0\u00bb.vc_custom_1633031690424{padding-bottom: 20px !important;}\u00a0\u00bb][vc_column width=\u00a0\u00bb1\/4&Prime;][vc_single_image image=\u00a0\u00bb1431&Prime; img_size=\u00a0\u00bbfull\u00a0\u00bb retina_image=\u00a0\u00bbyes\u00a0\u00bb][\/vc_column][vc_column width=\u00a0\u00bb3\/4&Prime;][vc_empty_space height=\u00a0\u00bb50px\u00a0\u00bb][vc_column_text] L\u2019impact du changement climatique et la d\u00e9gradation de l\u2019environnement affectent l\u2019agriculture et la s\u00e9curit\u00e9 alimentaire, la sant\u00e9, l\u2019acc\u00e8s \u00e0 l\u2019eau et \u00e0 l\u2019\u00e9nergie. [\/vc_column_text][vc_column_text]Nous accompagnons les acteurs du secteur de la microfinance \u00e0 d\u00e9velopper des solutions et des produits&hellip;<\/p>\n","protected":false},"author":2,"featured_media":1012,"parent":1369,"menu_order":0,"comment_status":"closed","ping_status":"closed","template":"","meta":{"_acf_changed":false,"footnotes":""},"class_list":["post-1442","page","type-page","status-publish","has-post-thumbnail","hentry"],"acf":[],"_links":{"self":[{"href":"https:\/\/azimut-if.com\/fr\/wp-json\/wp\/v2\/pages\/1442","targetHints":{"allow":["GET"]}}],"collection":[{"href":"https:\/\/azimut-if.com\/fr\/wp-json\/wp\/v2\/pages"}],"about":[{"href":"https:\/\/azimut-if.com\/fr\/wp-json\/wp\/v2\/types\/page"}],"author":[{"embeddable":true,"href":"https:\/\/azimut-if.com\/fr\/wp-json\/wp\/v2\/users\/2"}],"replies":[{"embeddable":true,"href":"https:\/\/azimut-if.com\/fr\/wp-json\/wp\/v2\/comments?post=1442"}],"version-history":[{"count":6,"href":"https:\/\/azimut-if.com\/fr\/wp-json\/wp\/v2\/pages\/1442\/revisions"}],"predecessor-version":[{"id":2212,"href":"https:\/\/azimut-if.com\/fr\/wp-json\/wp\/v2\/pages\/1442\/revisions\/2212"}],"up":[{"embeddable":true,"href":"https:\/\/azimut-if.com\/fr\/wp-json\/wp\/v2\/pages\/1369"}],"wp:featuredmedia":[{"embeddable":true,"href":"https:\/\/azimut-if.com\/fr\/wp-json\/wp\/v2\/media\/1012"}],"wp:attachment":[{"href":"https:\/\/azimut-if.com\/fr\/wp-json\/wp\/v2\/media?parent=1442"}],"curies":[{"name":"wp","href":"https:\/\/api.w.org\/{rel}","templated":true}]}}