{"id":1437,"date":"2021-10-06T11:52:23","date_gmt":"2021-10-06T15:52:23","guid":{"rendered":"https:\/\/2e636f68ed.nxcli.net\/?page_id=1437"},"modified":"2023-01-25T18:18:55","modified_gmt":"2023-01-25T17:18:55","slug":"coaching","status":"publish","type":"page","link":"https:\/\/azimut-if.com\/fr\/expertise\/entrepreneuriat\/coaching\/","title":{"rendered":"COACHING"},"content":{"rendered":"<div class=\"wpb-content-wrapper\"><p>[vc_row full_width=\u00a0\u00bbstretch_row_content_no_spaces\u00a0\u00bb][vc_column]\n\t\t\t<!-- START COACHING REVOLUTION SLIDER 6.7.38 --><p class=\"rs-p-wp-fix\"><\/p>\n\t\t\t<rs-module-wrap id=\"rev_slider_13_1_wrapper\" data-source=\"gallery\" style=\"visibility:hidden;background:transparent;padding:0;margin:0px auto;margin-top:0;margin-bottom:0;\">\n\t\t\t\t<rs-module id=\"rev_slider_13_1\" style=\"\" data-version=\"6.7.38\">\n\t\t\t\t\t<rs-slides style=\"overflow: hidden; position: absolute;\">\n\t\t\t\t\t\t<rs-slide style=\"position: absolute;\" data-key=\"rs-42\" data-title=\"Slide\" data-anim=\"adpr:false;\" data-in=\"o:0;\" data-out=\"a:false;\">\n\t\t\t\t\t\t\t<img decoding=\"async\" src=\"\/\/azimut-if.com\/wp-content\/plugins\/revslider\/sr6\/assets\/assets\/dummy.png\" alt=\"\" title=\"AZ_1784026394\" width=\"1800\" height=\"1200\" class=\"rev-slidebg tp-rs-img rs-lazyload\" data-lazyload=\"\/\/azimut-if.com\/wp-content\/uploads\/2021\/10\/AZ_1784026394.jpg\" data-bg=\"p:center top;\" data-parallax=\"14\" data-no-retina>\n<!---->\t\t\t\t\t<\/rs-slide>\n\t\t\t\t\t<\/rs-slides>\n\t\t\t\t\t<rs-static-layers><!--\n\t\t\t\t\t--><\/rs-static-layers>\n\t\t\t\t<\/rs-module>\n\t\t\t\t<script>\n\t\t\t\t\tsetREVStartSize({c: 'rev_slider_13_1',rl:[1240,1024,778,480],el:[700,768,960,720],gw:[1240,1024,778,480],gh:[700,500,450,400],type:'standard',justify:'',layout:'fullwidth',mh:\"0\"});if (window.RS_MODULES!==undefined && window.RS_MODULES.modules!==undefined && window.RS_MODULES.modules[\"revslider131\"]!==undefined) {window.RS_MODULES.modules[\"revslider131\"].once = false;window.revapi13 = undefined;if (window.RS_MODULES.checkMinimal!==undefined) window.RS_MODULES.checkMinimal()}\n\t\t\t\t<\/script>\n\t\t\t<\/rs-module-wrap>\n\t\t\t<!-- END REVOLUTION SLIDER -->\n[\/vc_column][\/vc_row][vc_row css=\u00a0\u00bb.vc_custom_1633031399983{padding-top: 50px !important;padding-bottom: 10px !important;}\u00a0\u00bb][vc_column][kalium_breadcrumb][\/vc_column][\/vc_row][vc_row css=\u00a0\u00bb.vc_custom_1633031408783{padding-bottom: 20px !important;}\u00a0\u00bb][vc_column width=\u00a0\u00bb1\/4&Prime;][vc_single_image image=\u00a0\u00bb1423&Prime; img_size=\u00a0\u00bbfull\u00a0\u00bb retina_image=\u00a0\u00bbyes\u00a0\u00bb][\/vc_column][vc_column width=\u00a0\u00bb3\/4&Prime;][vc_empty_space height=\u00a0\u00bb40&Prime;][vc_column_text]<\/p>\n<h2>Nous mettons en \u0153uvre des projets d\u2019appui, d\u2019accompagnement et de formation \u00e0 l\u2019endroit des entrepreneurs:<\/h2>\n<p>[\/vc_column_text][vc_column_text]<\/p>\n<p><strong>Formations et accompagnement<\/strong><\/p>\n<p>Azimut forme et accompagne les entrepreneurs dans le d\u00e9veloppement de leur projet \u00e9conomique, du stade de l\u2018id\u00e9e, de la cr\u00e9ation, \u00e0 celui du d\u00e9veloppement de l\u2019entreprise.<\/p>\n<p>Nous proposons :<\/p>\n<ul>\n<li>des formations et du coaching bas\u00e9es sur les standards internationaux (TRIE, CREE, GERME, MORAINE, etc.)<\/li>\n<li>des formations sp\u00e9cifiques (le marketing, la communication, utilisation de l\u2019outil informatique\/digital)<\/li>\n<li>des formations en soft skills (\u00ab\u00a0savoir \u00eatre\u00a0\u00bb)<\/li>\n<\/ul>\n<p>&nbsp;<\/p>\n<p><strong>Acc\u00e8s au financement<\/strong><\/p>\n<p>Sur base de notre excellente connaissance du secteur financier en Afrique, nous aspirons \u00e0 conseiller les entrepreneurs dans leur strat\u00e9gie de financement et mettre en \u0153uvre des services d\u2019interm\u00e9diation financi\u00e8re \u00e0 leur profit : identification des institutions financi\u00e8res adapt\u00e9es aux projets ; formations des entrepreneurs en \u00e9ducation financi\u00e8re et sur l\u2019acc\u00e8s au cr\u00e9dit ; accompagnement des entrepreneurs dans la r\u00e9daction de business plans et dans l\u2019\u00e9laboration de leurs demandes de pr\u00eat.<\/p>\n<p>[\/vc_column_text][\/vc_column][\/vc_row][vc_row css=\u00a0\u00bb.vc_custom_1631109004480{padding-bottom: 20px !important;}\u00a0\u00bb][vc_column width=\u00a0\u00bb1\/4&Prime;][\/vc_column][vc_column width=\u00a0\u00bb3\/4&Prime;][vc_separator color=\u00a0\u00bborange\u00a0\u00bb][vc_column_text]<\/p>\n<h4>Nos Projets<\/h4>\n<p>[\/vc_column_text][lab_portfolio_items category_filter=\u00a0\u00bbno\u00a0\u00bb portfolio_query=\u00a0\u00bbsize:12|order_by:date|post_type:portfolio|by_id:1799,1616&Prime;][\/vc_column][\/vc_row]<\/p>\n<\/div>","protected":false},"excerpt":{"rendered":"<p>[vc_row full_width=\u00a0\u00bbstretch_row_content_no_spaces\u00a0\u00bb][vc_column][\/vc_column][\/vc_row][vc_row css=\u00a0\u00bb.vc_custom_1633031399983{padding-top: 50px !important;padding-bottom: 10px !important;}\u00a0\u00bb][vc_column][kalium_breadcrumb][\/vc_column][\/vc_row][vc_row css=\u00a0\u00bb.vc_custom_1633031408783{padding-bottom: 20px !important;}\u00a0\u00bb][vc_column width=\u00a0\u00bb1\/4&Prime;][vc_single_image image=\u00a0\u00bb1423&Prime; img_size=\u00a0\u00bbfull\u00a0\u00bb retina_image=\u00a0\u00bbyes\u00a0\u00bb][\/vc_column][vc_column width=\u00a0\u00bb3\/4&Prime;][vc_empty_space height=\u00a0\u00bb40&Prime;][vc_column_text] Nous mettons en \u0153uvre des projets d\u2019appui, d\u2019accompagnement et de formation \u00e0 l\u2019endroit des entrepreneurs: [\/vc_column_text][vc_column_text] Formations et accompagnement Azimut forme et accompagne les entrepreneurs dans le d\u00e9veloppement de leur projet \u00e9conomique, du stade de l\u2018id\u00e9e, de la cr\u00e9ation,&hellip;<\/p>\n","protected":false},"author":2,"featured_media":0,"parent":1367,"menu_order":0,"comment_status":"closed","ping_status":"closed","template":"","meta":{"_acf_changed":false,"footnotes":""},"class_list":["post-1437","page","type-page","status-publish","hentry"],"acf":[],"_links":{"self":[{"href":"https:\/\/azimut-if.com\/fr\/wp-json\/wp\/v2\/pages\/1437","targetHints":{"allow":["GET"]}}],"collection":[{"href":"https:\/\/azimut-if.com\/fr\/wp-json\/wp\/v2\/pages"}],"about":[{"href":"https:\/\/azimut-if.com\/fr\/wp-json\/wp\/v2\/types\/page"}],"author":[{"embeddable":true,"href":"https:\/\/azimut-if.com\/fr\/wp-json\/wp\/v2\/users\/2"}],"replies":[{"embeddable":true,"href":"https:\/\/azimut-if.com\/fr\/wp-json\/wp\/v2\/comments?post=1437"}],"version-history":[{"count":7,"href":"https:\/\/azimut-if.com\/fr\/wp-json\/wp\/v2\/pages\/1437\/revisions"}],"predecessor-version":[{"id":2204,"href":"https:\/\/azimut-if.com\/fr\/wp-json\/wp\/v2\/pages\/1437\/revisions\/2204"}],"up":[{"embeddable":true,"href":"https:\/\/azimut-if.com\/fr\/wp-json\/wp\/v2\/pages\/1367"}],"wp:attachment":[{"href":"https:\/\/azimut-if.com\/fr\/wp-json\/wp\/v2\/media?parent=1437"}],"curies":[{"name":"wp","href":"https:\/\/api.w.org\/{rel}","templated":true}]}}